{"id":910,"date":"2024-11-27T22:32:44","date_gmt":"2024-11-28T03:32:44","guid":{"rendered":"https:\/\/ruwaytoys.com\/?post_type=product&#038;p=910"},"modified":"2024-11-27T22:40:54","modified_gmt":"2024-11-28T03:40:54","slug":"tren-navideno-con-control-remoto-mk12012","status":"publish","type":"product","link":"https:\/\/ruwaytoys.com\/?product=tren-navideno-con-control-remoto-mk12012","title":{"rendered":"TREN NAVIDE\u00d1O CON CONTROL REMOTO MK12012"},"content":{"rendered":"<p>MODELO MEC\u00c1NICO: Estos modelos mec\u00e1nicos funcionales son intrincadamente detallados y dignos de su hogar y colecci\u00f3n. Se incl<a href=\"https:\/\/youtu.be\/rYONkOCiLK8?si=CFLWn1aTRbcKFPFs\" data-type=\"link\" data-id=\"https:\/\/youtu.be\/rYONkOCiLK8?si=CFLWn1aTRbcKFPFs\">https:\/\/youtu.be\/rYONkOCiLK8?si=CFLWn1aTRbcKFPFs<\/a>uyen instrucciones precisas junto con ilustraciones.<br \/>DIVERSI\u00d3N PARA ADULTOS Y ADOLESCENTES: A los adultos, adolescentes y ni\u00f1os. A los mayores les encanta el desaf\u00edo de construir modelos, y los ni\u00f1os pueden aprender sobre la gravedad, los engranajes, el dise\u00f1o y los conceptos de ingenier\u00eda mientras construyen.<br \/>EL MEJOR REGALO: Este juguete se puede regalar a los ni\u00f1os, puede construir este modelo con sus hijos en su tiempo libre para mejorar la relaci\u00f3n entre padres e hijos.ENTRETENIMIENTO INTERIOR: La complejidad de este set une a las personas y brinda horas de diversi\u00f3n para todos. \u00a1Una gran actividad familiar, es atractivo, divertido y ejercita tu mente!<\/p>\n","protected":false},"excerpt":{"rendered":"<p>*C\u00f3digo: 12012<br \/>*Piezas: 1296 pcs<br \/>*G\u00e9nero: Unisex 8+<br \/>*Material: Pl\u00e1stico<br \/>*Tipo de pl\u00e1stico: ABS<br \/>*Bater\u00eda<br \/>*Control remoto<br \/>*Software<br \/>*Luces led<br \/>*Altavoz<br \/>*Giro 360<br \/>*Motor\u00a0<br \/>*Contiene instrucciones de montaje detalladas.<br \/>*Clasificaci\u00f3n: Ensamblaje<br \/>*Colecci\u00f3n 2024<\/p>\n","protected":false},"featured_media":912,"comment_status":"open","ping_status":"closed","template":"","meta":{"_joinchat":[]},"product_brand":[],"product_cat":[19],"product_tag":[],"class_list":{"0":"post-910","1":"product","2":"type-product","3":"status-publish","4":"has-post-thumbnail","6":"product_cat-bloques-de-construccion","8":"first","9":"instock","10":"sale","11":"shipping-taxable","12":"purchasable","13":"product-type-simple"},"jetpack_sharing_enabled":true,"_links":{"self":[{"href":"https:\/\/ruwaytoys.com\/index.php?rest_route=\/wp\/v2\/product\/910","targetHints":{"allow":["GET"]}}],"collection":[{"href":"https:\/\/ruwaytoys.com\/index.php?rest_route=\/wp\/v2\/product"}],"about":[{"href":"https:\/\/ruwaytoys.com\/index.php?rest_route=\/wp\/v2\/types\/product"}],"replies":[{"embeddable":true,"href":"https:\/\/ruwaytoys.com\/index.php?rest_route=%2Fwp%2Fv2%2Fcomments&post=910"}],"version-history":[{"count":1,"href":"https:\/\/ruwaytoys.com\/index.php?rest_route=\/wp\/v2\/product\/910\/revisions"}],"predecessor-version":[{"id":916,"href":"https:\/\/ruwaytoys.com\/index.php?rest_route=\/wp\/v2\/product\/910\/revisions\/916"}],"wp:featuredmedia":[{"embeddable":true,"href":"https:\/\/ruwaytoys.com\/index.php?rest_route=\/wp\/v2\/media\/912"}],"wp:attachment":[{"href":"https:\/\/ruwaytoys.com\/index.php?rest_route=%2Fwp%2Fv2%2Fmedia&parent=910"}],"wp:term":[{"taxonomy":"product_brand","embeddable":true,"href":"https:\/\/ruwaytoys.com\/index.php?rest_route=%2Fwp%2Fv2%2Fproduct_brand&post=910"},{"taxonomy":"product_cat","embeddable":true,"href":"https:\/\/ruwaytoys.com\/index.php?rest_route=%2Fwp%2Fv2%2Fproduct_cat&post=910"},{"taxonomy":"product_tag","embeddable":true,"href":"https:\/\/ruwaytoys.com\/index.php?rest_route=%2Fwp%2Fv2%2Fproduct_tag&post=910"}],"curies":[{"name":"wp","href":"https:\/\/api.w.org\/{rel}","templated":true}]}}