{"id":903,"date":"2024-11-27T22:17:53","date_gmt":"2024-11-28T03:17:53","guid":{"rendered":"https:\/\/ruwaytoys.com\/?post_type=product&#038;p=903"},"modified":"2024-11-27T22:30:38","modified_gmt":"2024-11-28T03:30:38","slug":"trineo-de-papa-noel-navideno-mk10015","status":"publish","type":"product","link":"https:\/\/ruwaytoys.com\/?product=trineo-de-papa-noel-navideno-mk10015","title":{"rendered":"TRINEO DE PAPA NOEL NAVIDE\u00d1O MK10015"},"content":{"rendered":"<p><a href=\"https:\/\/youtu.be\/rYONkOCiLK8?si=GKr6KfWW32MxVVSI\" data-type=\"link\" data-id=\"https:\/\/youtu.be\/rYONkOCiLK8?si=GKr6KfWW32MxVVSI\">https:\/\/youtu.be\/rYONkOCiLK8?si=GKr6KfWW32MxVVSI<\/a><br \/>MODELO MEC\u00c1NICO: Estos modelos mec\u00e1nicos funcionales son intrincadamente detallados y dignos de su hogar y colecci\u00f3n. Se incluyen instrucciones precisas junto con ilustraciones.<br \/>DIVERSI\u00d3N PARA NI\u00d1OS, ADOLESCENTES Y ADULTOS: A los adultos y adolescentes les encanta el desaf\u00edo de construir modelos, y los ni\u00f1os pueden aprender sobre la gravedad, los engranajes, el dise\u00f1o y los conceptos de ingenier\u00eda mientras construyen.<br \/>EL MEJOR REGALO: Puede construir este modelo con sus hijos en su tiempo libre para mejorar la relaci\u00f3n entre padres e hijos.<br \/>ENTRETENIMIENTO INTERIOR: La complejidad de este set une a las personas y brinda horas de diversi\u00f3n para todos. \u00a1Una gran actividad familiar, es atractivo, divertido y ejercita tu mente!<\/p>\n","protected":false},"excerpt":{"rendered":"<p>*C\u00f3digo: 10015<br \/>*Piezas: 1318 pcs<br \/>*G\u00e9nero: Unisex 8+<br \/>*Material: Pl\u00e1stico<br \/>*Categor\u00eda: Rob\u00f3tica<br \/>*Tipo de pl\u00e1stico: ABS<br \/>* Bater\u00eda<br \/>*Software<br \/>*Motor\u00a0<br \/>*Contiene instrucciones de montaje detalladas.<br \/>*Clasificaci\u00f3n: Ensamblaje<br \/>*Dimensi\u00f3n 62.4x 12.8&#215;11.3 CM<\/p>\n","protected":false},"featured_media":904,"comment_status":"open","ping_status":"closed","template":"","meta":{"_joinchat":[]},"product_brand":[],"product_cat":[19],"product_tag":[],"class_list":{"0":"post-903","1":"product","2":"type-product","3":"status-publish","4":"has-post-thumbnail","6":"product_cat-bloques-de-construccion","8":"first","9":"instock","10":"sale","11":"shipping-taxable","12":"purchasable","13":"product-type-simple"},"jetpack_sharing_enabled":true,"_links":{"self":[{"href":"https:\/\/ruwaytoys.com\/index.php?rest_route=\/wp\/v2\/product\/903","targetHints":{"allow":["GET"]}}],"collection":[{"href":"https:\/\/ruwaytoys.com\/index.php?rest_route=\/wp\/v2\/product"}],"about":[{"href":"https:\/\/ruwaytoys.com\/index.php?rest_route=\/wp\/v2\/types\/product"}],"replies":[{"embeddable":true,"href":"https:\/\/ruwaytoys.com\/index.php?rest_route=%2Fwp%2Fv2%2Fcomments&post=903"}],"version-history":[{"count":1,"href":"https:\/\/ruwaytoys.com\/index.php?rest_route=\/wp\/v2\/product\/903\/revisions"}],"predecessor-version":[{"id":909,"href":"https:\/\/ruwaytoys.com\/index.php?rest_route=\/wp\/v2\/product\/903\/revisions\/909"}],"wp:featuredmedia":[{"embeddable":true,"href":"https:\/\/ruwaytoys.com\/index.php?rest_route=\/wp\/v2\/media\/904"}],"wp:attachment":[{"href":"https:\/\/ruwaytoys.com\/index.php?rest_route=%2Fwp%2Fv2%2Fmedia&parent=903"}],"wp:term":[{"taxonomy":"product_brand","embeddable":true,"href":"https:\/\/ruwaytoys.com\/index.php?rest_route=%2Fwp%2Fv2%2Fproduct_brand&post=903"},{"taxonomy":"product_cat","embeddable":true,"href":"https:\/\/ruwaytoys.com\/index.php?rest_route=%2Fwp%2Fv2%2Fproduct_cat&post=903"},{"taxonomy":"product_tag","embeddable":true,"href":"https:\/\/ruwaytoys.com\/index.php?rest_route=%2Fwp%2Fv2%2Fproduct_tag&post=903"}],"curies":[{"name":"wp","href":"https:\/\/api.w.org\/{rel}","templated":true}]}}