{"id":679,"date":"2024-01-16T20:42:50","date_gmt":"2024-01-17T01:42:50","guid":{"rendered":"https:\/\/ruwaytoys.com\/?post_type=product&#038;p=679"},"modified":"2024-05-18T19:03:46","modified_gmt":"2024-05-19T00:03:46","slug":"carro-atv-20016-con-control-remoto","status":"publish","type":"product","link":"https:\/\/ruwaytoys.com\/?product=carro-atv-20016-con-control-remoto","title":{"rendered":"CARRO ATV 20016 CON CONTROL REMOTO"},"content":{"rendered":"\n<figure class=\"wp-block-video\"><video controls src=\"http:\/\/ruwaytoys.com\/wp-content\/uploads\/2024\/01\/13009_13010_-13011_-13012_13013.mp4\"><\/video><\/figure>\n\n\n\n<p>MODELO MEC\u00c1NICO: Estos modelos mec\u00e1nicos funcionales son intrincadamente detallados y dignos de su hogar y colecci\u00f3n. Se incluyen instrucciones precisas junto con ilustraciones.<\/p>\n\n\n\n<p>DIVERSI\u00d3N PARA ADULTOS Y ADOLESCENTES: A los adultos, adolescentes y ni\u00f1os. A los mayores les encanta el desaf\u00edo de construir modelos, y los ni\u00f1os pueden aprender sobre la gravedad, los engranajes, el dise\u00f1o y los conceptos de ingenier\u00eda mientras construyen.<\/p>\n\n\n\n<p>EL MEJOR REGALO: Este juguete se puede regalar a los ni\u00f1os, puede construir este modelo con sus hijos en su tiempo libre para mejorar la relaci\u00f3n entre padres e hijos.ENTRETENIMIENTO INTERIOR: La complejidad de este set une a las personas y brinda horas de diversi\u00f3n para todos. \u00a1Una gran actividad familiar, es atractivo, divertido y ejercita tu mente!<\/p>\n","protected":false},"excerpt":{"rendered":"<p>*C\u00f3digo: 20016 <br \/>*Piezas: 617 pcs <br \/>*G\u00e9nero: Unisex 14+ <br \/>*Material: Pl\u00e1stico <br \/>*Tipo de pl\u00e1stico: ABS <br \/>*Bater\u00eda Control remoto App <br \/>*Software <br \/>*Motor\u00a0 <br \/>*Contiene instrucciones de montaje detalladas. <br \/>*Cable USB <br \/>*Clasificaci\u00f3n: Ensamblaje <br \/>*Giro 360 <br \/>*Dimensi\u00f3n 17.4x 20.6&#215;17.1CM<\/p>\n","protected":false},"featured_media":681,"comment_status":"open","ping_status":"closed","template":"","meta":{"_joinchat":[]},"product_brand":[],"product_cat":[19],"product_tag":[],"class_list":{"0":"post-679","1":"product","2":"type-product","3":"status-publish","4":"has-post-thumbnail","6":"product_cat-bloques-de-construccion","8":"first","9":"instock","10":"shipping-taxable","11":"purchasable","12":"product-type-simple"},"jetpack_sharing_enabled":true,"_links":{"self":[{"href":"https:\/\/ruwaytoys.com\/index.php?rest_route=\/wp\/v2\/product\/679","targetHints":{"allow":["GET"]}}],"collection":[{"href":"https:\/\/ruwaytoys.com\/index.php?rest_route=\/wp\/v2\/product"}],"about":[{"href":"https:\/\/ruwaytoys.com\/index.php?rest_route=\/wp\/v2\/types\/product"}],"replies":[{"embeddable":true,"href":"https:\/\/ruwaytoys.com\/index.php?rest_route=%2Fwp%2Fv2%2Fcomments&post=679"}],"version-history":[{"count":1,"href":"https:\/\/ruwaytoys.com\/index.php?rest_route=\/wp\/v2\/product\/679\/revisions"}],"predecessor-version":[{"id":686,"href":"https:\/\/ruwaytoys.com\/index.php?rest_route=\/wp\/v2\/product\/679\/revisions\/686"}],"wp:featuredmedia":[{"embeddable":true,"href":"https:\/\/ruwaytoys.com\/index.php?rest_route=\/wp\/v2\/media\/681"}],"wp:attachment":[{"href":"https:\/\/ruwaytoys.com\/index.php?rest_route=%2Fwp%2Fv2%2Fmedia&parent=679"}],"wp:term":[{"taxonomy":"product_brand","embeddable":true,"href":"https:\/\/ruwaytoys.com\/index.php?rest_route=%2Fwp%2Fv2%2Fproduct_brand&post=679"},{"taxonomy":"product_cat","embeddable":true,"href":"https:\/\/ruwaytoys.com\/index.php?rest_route=%2Fwp%2Fv2%2Fproduct_cat&post=679"},{"taxonomy":"product_tag","embeddable":true,"href":"https:\/\/ruwaytoys.com\/index.php?rest_route=%2Fwp%2Fv2%2Fproduct_tag&post=679"}],"curies":[{"name":"wp","href":"https:\/\/api.w.org\/{rel}","templated":true}]}}