{"id":661,"date":"2024-01-16T20:17:22","date_gmt":"2024-01-17T01:17:22","guid":{"rendered":"https:\/\/ruwaytoys.com\/?post_type=product&#038;p=661"},"modified":"2024-01-17T23:53:21","modified_gmt":"2024-01-18T04:53:21","slug":"kitty-blanco-con-control-remoto-app","status":"publish","type":"product","link":"https:\/\/ruwaytoys.com\/?product=kitty-blanco-con-control-remoto-app","title":{"rendered":"KITTY BLANCO CON CONTROL REMOTO APP"},"content":{"rendered":"\n<figure class=\"wp-block-video\"><video controls src=\"http:\/\/ruwaytoys.com\/wp-content\/uploads\/2024\/01\/Mould-King-13158-13159.mp4\"><\/video><\/figure>\n\n\n\n<p><p style=\"margin-bottom: 1.5em;font-family: Roboto, sans-serif;font-size: 16px\">MODELO MEC\u00c1NICO: Estos modelos mec\u00e1nicos funcionales son intrincadamente detallados y dignos de su hogar y colecci\u00f3n. Se incluyen instrucciones precisas junto con ilustraciones.<\/p><p style=\"margin-top: 0px;margin-bottom: 1.5em;font-family: Roboto, sans-serif;font-size: 16px\">DIVERSI\u00d3N PARA ADULTOS Y ADOLESCENTES: A los adultos, adolescentes y ni\u00f1os. A los mayores les encanta el desaf\u00edo de construir modelos, y los ni\u00f1os pueden aprender sobre la gravedad, los engranajes, el dise\u00f1o y los conceptos de ingenier\u00eda mientras construyen.<\/p><p style=\"margin-top: 0px;margin-bottom: 1.5em;font-family: Roboto, sans-serif;font-size: 16px\">EL MEJOR REGALO: Este juguete se puede regalar a los ni\u00f1os, puede construir este modelo con sus hijos en su tiempo libre para mejorar la relaci\u00f3n entre padres e hijos.<\/p><span style=\"font-family: Roboto, sans-serif;font-size: 16px\">ENTRETENIMIENTO INTERIOR: La complejidad de este set une a las personas y brinda horas de diversi\u00f3n para todos. \u00a1Una gran actividad familiar, es atractivo, divertido y ejercita tu mente!<\/span><\/p>\n","protected":false},"excerpt":{"rendered":"<div style=\"font-size: medium;line-height: inherit\"><\/div>\n<div style=\"font-size: medium;line-height: inherit\"><\/div>\n<div style=\"font-size: medium;line-height: inherit\"><\/div>\n<div style=\"font-size: medium;line-height: inherit\"><\/div>\n<col width=\"387\" style=\"width: 290pt\"><\/col>\n<p>C\u00f3digo: 13159<br \/>Piezas: 438 pcs<br \/>G\u00e9nero: Unisex 5+<br \/>Material: Pl\u00e1stico <br \/>Tipo de pl\u00e1stico: ABS<br \/>Bater\u00eda<br \/>Control remoto App<br \/>Software<br \/>Motor<br \/>Contiene instrucciones de montaje detalladas.<br \/>Articulaciones de Manos<br \/>Clasificaci\u00f3n: Ensamblaje<br \/>Dimensi\u00f3n 16x 15.8x 17.8 CM<\/p>\n<div style=\"font-size: medium;line-height: inherit\"><\/div>\n<div style=\"font-size: medium;line-height: inherit\"><\/div>\n<div style=\"font-size: medium;line-height: inherit\"><\/div>\n<div style=\"font-size: medium;line-height: inherit\"><\/div>\n<div style=\"font-size: medium;line-height: inherit\"><\/div>\n<div style=\"font-size: medium;line-height: inherit\"><\/div>\n<div style=\"font-size: medium;line-height: inherit\"><\/div>\n<div style=\"font-size: medium;line-height: inherit\"><\/div>\n<div style=\"font-size: medium;line-height: inherit\"><\/div>\n<div style=\"font-size: medium;line-height: inherit\"><\/div>\n<div style=\"font-size: medium;line-height: inherit\"><\/div>\n<div style=\"font-size: medium;line-height: inherit\"><\/div>\n<div style=\"font-size: medium;line-height: inherit\"><\/div>\n<div style=\"font-size: medium;line-height: inherit\"><\/div>\n<div style=\"font-size: medium;line-height: inherit\"><\/div>\n<div style=\"font-size: medium;line-height: inherit\"><\/div>\n<div style=\"font-size: medium;line-height: inherit\"><\/div>\n<div style=\"font-size: medium;line-height: inherit\"><\/div>\n<div style=\"font-size: medium;line-height: inherit\"><\/div>\n<div style=\"font-size: medium;line-height: inherit\"><\/div>\n<div style=\"font-size: medium;line-height: inherit\"><\/div>\n<div style=\"font-size: medium;line-height: inherit\"><\/div>\n<div style=\"font-size: medium;line-height: inherit\"><\/div>\n<div style=\"font-size: medium;line-height: inherit\"><\/div>\n<div style=\"font-size: medium;line-height: inherit\"><\/div>\n<div style=\"font-size: medium;line-height: inherit\"><\/div>\n<div style=\"font-size: medium;line-height: inherit\"><\/div>\n<div style=\"font-size: medium;line-height: inherit\"><\/div>\n<div style=\"font-size: medium;line-height: inherit\"><\/div>\n<div style=\"font-size: medium;line-height: inherit\"><\/div>\n<div style=\"font-size: medium;line-height: inherit\"><\/div>\n<div style=\"font-size: medium;line-height: inherit\"><\/div>\n<div style=\"font-size: medium;line-height: inherit\"><\/div>\n<div style=\"font-size: medium;line-height: inherit\"><\/div>\n<div style=\"font-size: medium;line-height: inherit\"><\/div>\n<div style=\"font-size: medium;line-height: inherit\"><\/div>\n<div style=\"font-size: medium;line-height: inherit\"><\/div>\n<div style=\"font-size: medium;line-height: inherit\"><\/div>\n<div style=\"font-size: medium;line-height: inherit\"><\/div>\n<div style=\"font-size: medium;line-height: inherit\"><\/div>\n<div style=\"font-size: medium;line-height: inherit\"><\/div>\n<div style=\"font-size: medium;line-height: inherit\"><\/div>\n<div style=\"font-size: medium;line-height: inherit\"><\/div>\n<div style=\"font-size: medium;line-height: inherit\"><\/div>\n<div style=\"font-size: medium;line-height: inherit\"><\/div>\n<div style=\"font-size: medium;line-height: inherit\"><\/div>\n<div style=\"font-size: medium;line-height: inherit\"><\/div>\n<div style=\"font-size: medium;line-height: inherit\"><\/div>\n","protected":false},"featured_media":668,"comment_status":"open","ping_status":"closed","template":"","meta":{"_joinchat":[]},"product_brand":[],"product_cat":[19],"product_tag":[],"class_list":{"0":"post-661","1":"product","2":"type-product","3":"status-publish","4":"has-post-thumbnail","6":"product_cat-bloques-de-construccion","8":"first","9":"instock","10":"shipping-taxable","11":"purchasable","12":"product-type-simple"},"jetpack_sharing_enabled":true,"_links":{"self":[{"href":"https:\/\/ruwaytoys.com\/index.php?rest_route=\/wp\/v2\/product\/661","targetHints":{"allow":["GET"]}}],"collection":[{"href":"https:\/\/ruwaytoys.com\/index.php?rest_route=\/wp\/v2\/product"}],"about":[{"href":"https:\/\/ruwaytoys.com\/index.php?rest_route=\/wp\/v2\/types\/product"}],"replies":[{"embeddable":true,"href":"https:\/\/ruwaytoys.com\/index.php?rest_route=%2Fwp%2Fv2%2Fcomments&post=661"}],"version-history":[{"count":1,"href":"https:\/\/ruwaytoys.com\/index.php?rest_route=\/wp\/v2\/product\/661\/revisions"}],"predecessor-version":[{"id":669,"href":"https:\/\/ruwaytoys.com\/index.php?rest_route=\/wp\/v2\/product\/661\/revisions\/669"}],"wp:featuredmedia":[{"embeddable":true,"href":"https:\/\/ruwaytoys.com\/index.php?rest_route=\/wp\/v2\/media\/668"}],"wp:attachment":[{"href":"https:\/\/ruwaytoys.com\/index.php?rest_route=%2Fwp%2Fv2%2Fmedia&parent=661"}],"wp:term":[{"taxonomy":"product_brand","embeddable":true,"href":"https:\/\/ruwaytoys.com\/index.php?rest_route=%2Fwp%2Fv2%2Fproduct_brand&post=661"},{"taxonomy":"product_cat","embeddable":true,"href":"https:\/\/ruwaytoys.com\/index.php?rest_route=%2Fwp%2Fv2%2Fproduct_cat&post=661"},{"taxonomy":"product_tag","embeddable":true,"href":"https:\/\/ruwaytoys.com\/index.php?rest_route=%2Fwp%2Fv2%2Fproduct_tag&post=661"}],"curies":[{"name":"wp","href":"https:\/\/api.w.org\/{rel}","templated":true}]}}