{"id":651,"date":"2024-01-16T11:21:36","date_gmt":"2024-01-16T16:21:36","guid":{"rendered":"https:\/\/ruwaytoys.com\/?post_type=product&#038;p=651"},"modified":"2024-05-18T19:09:08","modified_gmt":"2024-05-19T00:09:08","slug":"avion-con-control-remoto-dual","status":"publish","type":"product","link":"https:\/\/ruwaytoys.com\/?product=avion-con-control-remoto-dual","title":{"rendered":"AVION CON CONTROL REMOTO DUAL 15012"},"content":{"rendered":"<p>MODELO MEC\u00c1NICO: Estos modelos mec\u00e1nicos funcionales son intrincadamente detallados y dignos de su hogar y colecci\u00f3n. Se incluyen instrucciones precisas junto con ilustraciones.<br \/>DIVERSI\u00d3N PARA ADULTOS Y ADOLESCENTES: A los adultos,  ni\u00f1os  y adolescentes, Los mayores les encanta el desaf\u00edo de construir modelos, y los ni\u00f1os pueden aprender sobre la gravedad, los engranajes, el dise\u00f1o y los conceptos de ingenier\u00eda mientras construyen.<br \/>EL MEJOR REGALO: Este juguete se puede regalar a los ni\u00f1os, puede construir este modelo con sus hijos en su tiempo libre para mejorar la relaci\u00f3n entre padres e hijos.<br \/>ENTRETENIMIENTO INTERIOR: La complejidad de este set une a las personas y brinda horas de diversi\u00f3n para todos. \u00a1Una gran actividad familiar, es atractivo, divertido y ejercita tu mente!<\/p>\n","protected":false},"excerpt":{"rendered":"<p>*Codigo: 15012<br \/>*Piezas: 738pcs<br \/>*G\u00e9nero: Unisex 5+<br \/>*Material: Pl\u00e1stico<br \/>*Tipo de pl\u00e1stico: ABS<br \/>*Bateria<br \/>*Control remoto Dual<br \/>*Software<br \/>*Motor\u00a0<br \/>*H\u00e9lice Giro 360<br \/>*Clasificaci\u00f3n: Ensamblaje<br \/>Dimencion 15.5x 55.5x 19.5 CM<br \/>*Contiene instrucciones de montaje detalladas.<\/p>\n","protected":false},"featured_media":654,"comment_status":"open","ping_status":"closed","template":"","meta":{"_joinchat":[]},"product_brand":[],"product_cat":[19],"product_tag":[],"class_list":{"0":"post-651","1":"product","2":"type-product","3":"status-publish","4":"has-post-thumbnail","6":"product_cat-bloques-de-construccion","8":"first","9":"instock","10":"shipping-taxable","11":"purchasable","12":"product-type-simple"},"jetpack_sharing_enabled":true,"_links":{"self":[{"href":"https:\/\/ruwaytoys.com\/index.php?rest_route=\/wp\/v2\/product\/651","targetHints":{"allow":["GET"]}}],"collection":[{"href":"https:\/\/ruwaytoys.com\/index.php?rest_route=\/wp\/v2\/product"}],"about":[{"href":"https:\/\/ruwaytoys.com\/index.php?rest_route=\/wp\/v2\/types\/product"}],"replies":[{"embeddable":true,"href":"https:\/\/ruwaytoys.com\/index.php?rest_route=%2Fwp%2Fv2%2Fcomments&post=651"}],"version-history":[{"count":4,"href":"https:\/\/ruwaytoys.com\/index.php?rest_route=\/wp\/v2\/product\/651\/revisions"}],"predecessor-version":[{"id":878,"href":"https:\/\/ruwaytoys.com\/index.php?rest_route=\/wp\/v2\/product\/651\/revisions\/878"}],"wp:featuredmedia":[{"embeddable":true,"href":"https:\/\/ruwaytoys.com\/index.php?rest_route=\/wp\/v2\/media\/654"}],"wp:attachment":[{"href":"https:\/\/ruwaytoys.com\/index.php?rest_route=%2Fwp%2Fv2%2Fmedia&parent=651"}],"wp:term":[{"taxonomy":"product_brand","embeddable":true,"href":"https:\/\/ruwaytoys.com\/index.php?rest_route=%2Fwp%2Fv2%2Fproduct_brand&post=651"},{"taxonomy":"product_cat","embeddable":true,"href":"https:\/\/ruwaytoys.com\/index.php?rest_route=%2Fwp%2Fv2%2Fproduct_cat&post=651"},{"taxonomy":"product_tag","embeddable":true,"href":"https:\/\/ruwaytoys.com\/index.php?rest_route=%2Fwp%2Fv2%2Fproduct_tag&post=651"}],"curies":[{"name":"wp","href":"https:\/\/api.w.org\/{rel}","templated":true}]}}