{"id":633,"date":"2024-01-15T22:32:11","date_gmt":"2024-01-16T03:32:11","guid":{"rendered":"https:\/\/ruwaytoys.com\/?post_type=product&#038;p=633"},"modified":"2024-05-18T19:40:00","modified_gmt":"2024-05-19T00:40:00","slug":"todo-terreno-r-c-technique","status":"publish","type":"product","link":"https:\/\/ruwaytoys.com\/?product=todo-terreno-r-c-technique","title":{"rendered":"TODO TERRENO R\/C TECHNIQUE CON CONTROL REMOTO 13032"},"content":{"rendered":"\n<figure class=\"wp-block-gallery has-nested-images columns-default is-cropped wp-block-gallery-1 is-layout-flex wp-block-gallery-is-layout-flex\"><\/figure>\n\n\n\n<figure class=\"wp-block-video\"><video controls src=\"http:\/\/ruwaytoys.com\/wp-content\/uploads\/2024\/01\/Mould-King-13032-13036.mp4\"><\/video><\/figure>\n\n\n\n<p>MODELO MEC\u00c1NICO: Estos modelos mec\u00e1nicos funcionales son intrincadamente detallados y dignos de su hogar y colecci\u00f3n. Se incluyen instrucciones precisas junto con ilustraciones.<\/p>\n\n\n\n<p>DIVERSI\u00d3N PARA ADULTOS Y ADOLESCENTES: A los adultos, adolescentes y ni\u00f1os les encanta el desaf\u00edo de construir modelos, y los ni\u00f1os pueden aprender sobre la gravedad, los engranajes, el dise\u00f1o y los conceptos de ingenier\u00eda mientras construyen.<\/p>\n\n\n\n<p>EL MEJOR REGALO: Este juguete se puede regalar a los ni\u00f1os, puede construir este modelo con sus hijos en su tiempo libre para mejorar la relaci\u00f3n entre padres e hijos.<\/p>\n\n\n\n<p>ENTRETENIMIENTO INTERIOR: La complejidad de este set une a las personas y brinda horas de diversi\u00f3n para todos. \u00a1Una gran actividad familiar, es atractivo, divertido y ejercita tu mente!<\/p>\n","protected":false},"excerpt":{"rendered":"<p>*C\u00f3digo: 13032<br \/>*Piezas: 400 pcs<br \/>*G\u00e9nero: Unisex 5+<br \/>*Material: Pl\u00e1stico<br \/>*Tipo de pl\u00e1stico: ABS<br \/>*Bater\u00eda<br \/>*Control remoto Dual<br \/>*Software<br \/>*Motor\u00a0<br \/>*Giro 360<br \/>*Clasificaci\u00f3n: Ensamblaje<br \/>*Dimensi\u00f3n 15.5x 21x 17 CM<br \/>*Contiene instrucciones de montaje detalladas.<\/p>\n","protected":false},"featured_media":635,"comment_status":"open","ping_status":"closed","template":"","meta":{"_joinchat":[]},"product_brand":[],"product_cat":[19],"product_tag":[],"class_list":{"0":"post-633","1":"product","2":"type-product","3":"status-publish","4":"has-post-thumbnail","6":"product_cat-bloques-de-construccion","8":"first","9":"instock","10":"shipping-taxable","11":"purchasable","12":"product-type-simple"},"jetpack_sharing_enabled":true,"_links":{"self":[{"href":"https:\/\/ruwaytoys.com\/index.php?rest_route=\/wp\/v2\/product\/633","targetHints":{"allow":["GET"]}}],"collection":[{"href":"https:\/\/ruwaytoys.com\/index.php?rest_route=\/wp\/v2\/product"}],"about":[{"href":"https:\/\/ruwaytoys.com\/index.php?rest_route=\/wp\/v2\/types\/product"}],"replies":[{"embeddable":true,"href":"https:\/\/ruwaytoys.com\/index.php?rest_route=%2Fwp%2Fv2%2Fcomments&post=633"}],"version-history":[{"count":4,"href":"https:\/\/ruwaytoys.com\/index.php?rest_route=\/wp\/v2\/product\/633\/revisions"}],"predecessor-version":[{"id":899,"href":"https:\/\/ruwaytoys.com\/index.php?rest_route=\/wp\/v2\/product\/633\/revisions\/899"}],"wp:featuredmedia":[{"embeddable":true,"href":"https:\/\/ruwaytoys.com\/index.php?rest_route=\/wp\/v2\/media\/635"}],"wp:attachment":[{"href":"https:\/\/ruwaytoys.com\/index.php?rest_route=%2Fwp%2Fv2%2Fmedia&parent=633"}],"wp:term":[{"taxonomy":"product_brand","embeddable":true,"href":"https:\/\/ruwaytoys.com\/index.php?rest_route=%2Fwp%2Fv2%2Fproduct_brand&post=633"},{"taxonomy":"product_cat","embeddable":true,"href":"https:\/\/ruwaytoys.com\/index.php?rest_route=%2Fwp%2Fv2%2Fproduct_cat&post=633"},{"taxonomy":"product_tag","embeddable":true,"href":"https:\/\/ruwaytoys.com\/index.php?rest_route=%2Fwp%2Fv2%2Fproduct_tag&post=633"}],"curies":[{"name":"wp","href":"https:\/\/api.w.org\/{rel}","templated":true}]}}