{"id":618,"date":"2024-01-15T18:00:24","date_gmt":"2024-01-15T23:00:24","guid":{"rendered":"https:\/\/ruwaytoys.com\/?post_type=product&#038;p=618"},"modified":"2024-05-18T19:27:09","modified_gmt":"2024-05-19T00:27:09","slug":"optimus-prime","status":"publish","type":"product","link":"https:\/\/ruwaytoys.com\/?product=optimus-prime","title":{"rendered":"OPTIMUS PRIME CON CONTROL REMOTO APP 15036"},"content":{"rendered":"\n<p>MODELO MEC\u00c1NICO: Estos modelos mec\u00e1nicos funcionales son intrincadamente detallados y dignos de su hogar y colecci\u00f3n. Se incluyen instrucciones precisas junto con ilustraciones.<\/p>\n\n\n\n<p>DIVERSI\u00d3N PARA ADULTOS Y ADOLESCENTES: A los adultos, adolescentes y ni\u00f1os mayores les encanta el desaf\u00edo de construir modelos, y los ni\u00f1os pueden aprender sobre la gravedad, los engranajes, el dise\u00f1o y los conceptos de ingenier\u00eda mientras construyen.<\/p>\n\n\n\n<p>EL MEJOR REGALO: Este juguete se puede regalar a los ni\u00f1os, puede construir este modelo con sus hijos en su tiempo libre para mejorar la relaci\u00f3n entre padres e hijos.<\/p>\n\n\n\n<p>ENTRETENIMIENTO INTERIOR: La complejidad de este set une a las personas y brinda horas de diversi\u00f3n para todos. \u00a1Una gran actividad familiar, es atractivo, divertido y ejercita tu mente!<\/p>\n\n\n\n<figure class=\"wp-block-embed is-type-video is-provider-youtube wp-block-embed-youtube wp-embed-aspect-16-9 wp-has-aspect-ratio\"><div class=\"wp-block-embed__wrapper\">\n<div class=\"jetpack-video-wrapper\"><iframe title=\"Mould king 15036 15038\" width=\"640\" height=\"360\" src=\"https:\/\/www.youtube.com\/embed\/x1N7k7qMD1c?feature=oembed\" frameborder=\"0\" allow=\"accelerometer; autoplay; clipboard-write; encrypted-media; gyroscope; picture-in-picture; web-share\" referrerpolicy=\"strict-origin-when-cross-origin\" allowfullscreen><\/iframe><\/div>\n<\/div><\/figure>\n","protected":false},"excerpt":{"rendered":"<p>*C\u00f3digo: 15036<br \/>*Piezas: 678 pcs<br \/>*G\u00e9nero: Unisex 8+<br \/>*Material: Pl\u00e1stico<br \/>*Tipo de pl\u00e1stico: ABS<br \/>*Bater\u00eda<br \/>*Control remoto App<br \/>*Software<br \/>*Motor\u00a0<br \/>*Clasificaci\u00f3n: Ensamblaje<br \/>*Dimensi\u00f3n 20.7x 14.2x 33.7 CM<br \/>*Contiene instrucciones de montaje detalladas.<\/p>\n","protected":false},"featured_media":620,"comment_status":"open","ping_status":"closed","template":"","meta":{"_joinchat":[]},"product_brand":[],"product_cat":[19],"product_tag":[],"class_list":{"0":"post-618","1":"product","2":"type-product","3":"status-publish","4":"has-post-thumbnail","6":"product_cat-bloques-de-construccion","8":"first","9":"instock","10":"shipping-taxable","11":"purchasable","12":"product-type-simple"},"jetpack_sharing_enabled":true,"_links":{"self":[{"href":"https:\/\/ruwaytoys.com\/index.php?rest_route=\/wp\/v2\/product\/618","targetHints":{"allow":["GET"]}}],"collection":[{"href":"https:\/\/ruwaytoys.com\/index.php?rest_route=\/wp\/v2\/product"}],"about":[{"href":"https:\/\/ruwaytoys.com\/index.php?rest_route=\/wp\/v2\/types\/product"}],"replies":[{"embeddable":true,"href":"https:\/\/ruwaytoys.com\/index.php?rest_route=%2Fwp%2Fv2%2Fcomments&post=618"}],"version-history":[{"count":3,"href":"https:\/\/ruwaytoys.com\/index.php?rest_route=\/wp\/v2\/product\/618\/revisions"}],"predecessor-version":[{"id":891,"href":"https:\/\/ruwaytoys.com\/index.php?rest_route=\/wp\/v2\/product\/618\/revisions\/891"}],"wp:featuredmedia":[{"embeddable":true,"href":"https:\/\/ruwaytoys.com\/index.php?rest_route=\/wp\/v2\/media\/620"}],"wp:attachment":[{"href":"https:\/\/ruwaytoys.com\/index.php?rest_route=%2Fwp%2Fv2%2Fmedia&parent=618"}],"wp:term":[{"taxonomy":"product_brand","embeddable":true,"href":"https:\/\/ruwaytoys.com\/index.php?rest_route=%2Fwp%2Fv2%2Fproduct_brand&post=618"},{"taxonomy":"product_cat","embeddable":true,"href":"https:\/\/ruwaytoys.com\/index.php?rest_route=%2Fwp%2Fv2%2Fproduct_cat&post=618"},{"taxonomy":"product_tag","embeddable":true,"href":"https:\/\/ruwaytoys.com\/index.php?rest_route=%2Fwp%2Fv2%2Fproduct_tag&post=618"}],"curies":[{"name":"wp","href":"https:\/\/api.w.org\/{rel}","templated":true}]}}