{"id":609,"date":"2024-01-15T17:40:29","date_gmt":"2024-01-15T22:40:29","guid":{"rendered":"https:\/\/ruwaytoys.com\/?post_type=product&#038;p=609"},"modified":"2024-05-18T20:04:12","modified_gmt":"2024-05-19T01:04:12","slug":"carro-policia-technique","status":"publish","type":"product","link":"https:\/\/ruwaytoys.com\/?product=carro-policia-technique","title":{"rendered":"AUTO POLICIA TECHNIQUE CON CONTROL REMOTO 13006"},"content":{"rendered":"\n<figure class=\"wp-block-video\"><video autoplay controls loop src=\"http:\/\/ruwaytoys.com\/wp-content\/uploads\/2024\/01\/1.mp4\" playsinline><\/video><\/figure>\n\n\n\n<p>MODELO MEC\u00c1NICO: Estos modelos mec\u00e1nicos funcionales son intrincadamente detallados y dignos de su hogar y colecci\u00f3n. Se incluyen instrucciones precisas junto con ilustraciones.<\/p>\n\n\n\n<p>DIVERSI\u00d3N PARA NI\u00d1OS, ADOLESCENTES Y ADULTOS: A los adultos y adolescentes les encanta el desaf\u00edo de construir modelos, y los ni\u00f1os pueden aprender sobre la gravedad, los engranajes, el dise\u00f1o y los conceptos de ingenier\u00eda mientras construyen.<\/p>\n\n\n\n<p>EL MEJOR REGALO: Puede construir este modelo con sus hijos en su tiempo libre para mejorar la relaci\u00f3n entre padres e hijos.<\/p>\n\n\n\n<p>ENTRETENIMIENTO INTERIOR: La complejidad de este set une a las personas y brinda horas de diversi\u00f3n para todos. \u00a1Una gran actividad familiar, es atractivo, divertido y ejercita tu mente!<\/p>\n","protected":false},"excerpt":{"rendered":"<p>*C\u00f3digo: 13006<br \/>*Piezas: 433 pcs<br \/>*G\u00e9nero: Unisex<br \/>*Material: Pl\u00e1stico<br \/>*Tipo de pl\u00e1stico: ABS<br \/>*Bater\u00eda<br \/>*Control remoto<br \/>*Software<br \/>*Luces led<br \/>*Colecci\u00f3n 2024<br \/>*Clasificaci\u00f3n: Ensamblaje<br \/>*Contiene instrucciones de montaje detalladas.<\/p>\n","protected":false},"featured_media":611,"comment_status":"open","ping_status":"closed","template":"","meta":{"_joinchat":[]},"product_brand":[],"product_cat":[19],"product_tag":[],"class_list":{"0":"post-609","1":"product","2":"type-product","3":"status-publish","4":"has-post-thumbnail","6":"product_cat-bloques-de-construccion","8":"first","9":"instock","10":"shipping-taxable","11":"purchasable","12":"product-type-simple"},"jetpack_sharing_enabled":true,"_links":{"self":[{"href":"https:\/\/ruwaytoys.com\/index.php?rest_route=\/wp\/v2\/product\/609","targetHints":{"allow":["GET"]}}],"collection":[{"href":"https:\/\/ruwaytoys.com\/index.php?rest_route=\/wp\/v2\/product"}],"about":[{"href":"https:\/\/ruwaytoys.com\/index.php?rest_route=\/wp\/v2\/types\/product"}],"replies":[{"embeddable":true,"href":"https:\/\/ruwaytoys.com\/index.php?rest_route=%2Fwp%2Fv2%2Fcomments&post=609"}],"version-history":[{"count":5,"href":"https:\/\/ruwaytoys.com\/index.php?rest_route=\/wp\/v2\/product\/609\/revisions"}],"predecessor-version":[{"id":881,"href":"https:\/\/ruwaytoys.com\/index.php?rest_route=\/wp\/v2\/product\/609\/revisions\/881"}],"wp:featuredmedia":[{"embeddable":true,"href":"https:\/\/ruwaytoys.com\/index.php?rest_route=\/wp\/v2\/media\/611"}],"wp:attachment":[{"href":"https:\/\/ruwaytoys.com\/index.php?rest_route=%2Fwp%2Fv2%2Fmedia&parent=609"}],"wp:term":[{"taxonomy":"product_brand","embeddable":true,"href":"https:\/\/ruwaytoys.com\/index.php?rest_route=%2Fwp%2Fv2%2Fproduct_brand&post=609"},{"taxonomy":"product_cat","embeddable":true,"href":"https:\/\/ruwaytoys.com\/index.php?rest_route=%2Fwp%2Fv2%2Fproduct_cat&post=609"},{"taxonomy":"product_tag","embeddable":true,"href":"https:\/\/ruwaytoys.com\/index.php?rest_route=%2Fwp%2Fv2%2Fproduct_tag&post=609"}],"curies":[{"name":"wp","href":"https:\/\/api.w.org\/{rel}","templated":true}]}}