{"id":539,"date":"2023-11-18T19:37:02","date_gmt":"2023-11-19T00:37:02","guid":{"rendered":"https:\/\/ruwaytoys.com\/?post_type=product&#038;p=539"},"modified":"2023-11-27T15:09:52","modified_gmt":"2023-11-27T20:09:52","slug":"ferrari-rojo-488","status":"publish","type":"product","link":"https:\/\/ruwaytoys.com\/?product=ferrari-rojo-488","title":{"rendered":"FERRARI ROJO 488"},"content":{"rendered":"","protected":false},"excerpt":{"rendered":"<p>C\u00f3digo: 13048<br \/>Piezas: 2083<br \/>G\u00e9nero: Unisex<br \/>Material: Pl\u00e1stico<br \/>Tama\u00f1o ensamblado: 47.7x23x11.8 cm<br \/>Tipo de pl\u00e1stico: ABS ecol\u00f3gico. Inofensivo para la salud de los ni\u00f1os.<br \/>Contiene instrucciones de montaje detalladas.<br \/>Clasificaci\u00f3n: Ensamblaje<br \/>*Control Remoto.<br \/>*Control Remoto APP<br \/>*Motor X1<br \/>*Motor x2<br \/>*Servo\u00a0<br \/>*Bateria<\/p>\n","protected":false},"featured_media":542,"comment_status":"open","ping_status":"closed","template":"","meta":{"_joinchat":[]},"product_brand":[],"product_cat":[19],"product_tag":[],"class_list":{"0":"post-539","1":"product","2":"type-product","3":"status-publish","4":"has-post-thumbnail","6":"product_cat-bloques-de-construccion","8":"first","9":"instock","10":"sale","11":"shipping-taxable","12":"purchasable","13":"product-type-simple"},"jetpack_sharing_enabled":true,"_links":{"self":[{"href":"https:\/\/ruwaytoys.com\/index.php?rest_route=\/wp\/v2\/product\/539","targetHints":{"allow":["GET"]}}],"collection":[{"href":"https:\/\/ruwaytoys.com\/index.php?rest_route=\/wp\/v2\/product"}],"about":[{"href":"https:\/\/ruwaytoys.com\/index.php?rest_route=\/wp\/v2\/types\/product"}],"replies":[{"embeddable":true,"href":"https:\/\/ruwaytoys.com\/index.php?rest_route=%2Fwp%2Fv2%2Fcomments&post=539"}],"version-history":[{"count":2,"href":"https:\/\/ruwaytoys.com\/index.php?rest_route=\/wp\/v2\/product\/539\/revisions"}],"predecessor-version":[{"id":545,"href":"https:\/\/ruwaytoys.com\/index.php?rest_route=\/wp\/v2\/product\/539\/revisions\/545"}],"wp:featuredmedia":[{"embeddable":true,"href":"https:\/\/ruwaytoys.com\/index.php?rest_route=\/wp\/v2\/media\/542"}],"wp:attachment":[{"href":"https:\/\/ruwaytoys.com\/index.php?rest_route=%2Fwp%2Fv2%2Fmedia&parent=539"}],"wp:term":[{"taxonomy":"product_brand","embeddable":true,"href":"https:\/\/ruwaytoys.com\/index.php?rest_route=%2Fwp%2Fv2%2Fproduct_brand&post=539"},{"taxonomy":"product_cat","embeddable":true,"href":"https:\/\/ruwaytoys.com\/index.php?rest_route=%2Fwp%2Fv2%2Fproduct_cat&post=539"},{"taxonomy":"product_tag","embeddable":true,"href":"https:\/\/ruwaytoys.com\/index.php?rest_route=%2Fwp%2Fv2%2Fproduct_tag&post=539"}],"curies":[{"name":"wp","href":"https:\/\/api.w.org\/{rel}","templated":true}]}}