{"id":533,"date":"2023-11-18T18:19:32","date_gmt":"2023-11-18T23:19:32","guid":{"rendered":"https:\/\/ruwaytoys.com\/?post_type=product&#038;p=533"},"modified":"2024-01-24T21:56:11","modified_gmt":"2024-01-25T02:56:11","slug":"carro-de-coleccion","status":"publish","type":"product","link":"https:\/\/ruwaytoys.com\/?product=carro-de-coleccion","title":{"rendered":"CARRO DE COLECCI\u00d3N"},"content":{"rendered":"\n<p><br>Grand Prix Car es una r\u00e9plica del modelo a escala 1:16 del coche deportivo de la d\u00e9cada de 1910 que lleva el rendimiento del coche familiar a la siguiente era. Este\u00a0<a href=\"https:\/\/www.robotimeonline.com\/collections\/3d-wooden-puzzle\">rompecabezas ROKR\u00a0<\/a>tiene detalles v\u00edvidos con estructuras realistas, que necesitan paciencia y destreza durante el montaje. Ser\u00e1 un gran regalo de bricolaje para tu familia!<\/p>\n\n\n\n<figure class=\"wp-block-embed is-type-video is-provider-youtube wp-block-embed-youtube wp-embed-aspect-16-9 wp-has-aspect-ratio\"><div class=\"wp-block-embed__wrapper\">\n<div class=\"jetpack-video-wrapper\"><iframe title=\"ROKR New Arrival product Model Vehicle Series\" width=\"640\" height=\"360\" src=\"https:\/\/www.youtube.com\/embed\/9Nl4JfARaDg?feature=oembed\" frameborder=\"0\" allow=\"accelerometer; autoplay; clipboard-write; encrypted-media; gyroscope; picture-in-picture; web-share\" referrerpolicy=\"strict-origin-when-cross-origin\" allowfullscreen><\/iframe><\/div>\n<\/div><\/figure>\n","protected":false},"excerpt":{"rendered":"<p>C\u00f3digo: MC401<br \/>Piezas: 229 pcs<br \/>Tiempo de montaje: 1.50 Hrs<br \/>Tama\u00f1o ensamblado: 8&#215;18.9&#215;2.4 cm<br \/>NIVEL: 4<\/p>\n<p>Descripcion: Este rompecabezas de madera Grand Prix Car ROKR 3D a escala replica el coche deportivo pionero de la d\u00e9cada de 1910, un modelo de coche s\u00faper genial e ic\u00f3nico que a la gente le encanta.<\/p>\n","protected":false},"featured_media":535,"comment_status":"open","ping_status":"closed","template":"","meta":{"_joinchat":[]},"product_brand":[],"product_cat":[18],"product_tag":[],"class_list":{"0":"post-533","1":"product","2":"type-product","3":"status-publish","4":"has-post-thumbnail","6":"product_cat-rompecabezas","8":"first","9":"instock","10":"purchasable","11":"product-type-simple"},"jetpack_sharing_enabled":true,"_links":{"self":[{"href":"https:\/\/ruwaytoys.com\/index.php?rest_route=\/wp\/v2\/product\/533","targetHints":{"allow":["GET"]}}],"collection":[{"href":"https:\/\/ruwaytoys.com\/index.php?rest_route=\/wp\/v2\/product"}],"about":[{"href":"https:\/\/ruwaytoys.com\/index.php?rest_route=\/wp\/v2\/types\/product"}],"replies":[{"embeddable":true,"href":"https:\/\/ruwaytoys.com\/index.php?rest_route=%2Fwp%2Fv2%2Fcomments&post=533"}],"version-history":[{"count":2,"href":"https:\/\/ruwaytoys.com\/index.php?rest_route=\/wp\/v2\/product\/533\/revisions"}],"predecessor-version":[{"id":853,"href":"https:\/\/ruwaytoys.com\/index.php?rest_route=\/wp\/v2\/product\/533\/revisions\/853"}],"wp:featuredmedia":[{"embeddable":true,"href":"https:\/\/ruwaytoys.com\/index.php?rest_route=\/wp\/v2\/media\/535"}],"wp:attachment":[{"href":"https:\/\/ruwaytoys.com\/index.php?rest_route=%2Fwp%2Fv2%2Fmedia&parent=533"}],"wp:term":[{"taxonomy":"product_brand","embeddable":true,"href":"https:\/\/ruwaytoys.com\/index.php?rest_route=%2Fwp%2Fv2%2Fproduct_brand&post=533"},{"taxonomy":"product_cat","embeddable":true,"href":"https:\/\/ruwaytoys.com\/index.php?rest_route=%2Fwp%2Fv2%2Fproduct_cat&post=533"},{"taxonomy":"product_tag","embeddable":true,"href":"https:\/\/ruwaytoys.com\/index.php?rest_route=%2Fwp%2Fv2%2Fproduct_tag&post=533"}],"curies":[{"name":"wp","href":"https:\/\/api.w.org\/{rel}","templated":true}]}}