{"id":520,"date":"2023-11-18T17:36:13","date_gmt":"2023-11-18T22:36:13","guid":{"rendered":"https:\/\/ruwaytoys.com\/?post_type=product&#038;p=520"},"modified":"2024-01-17T13:00:03","modified_gmt":"2024-01-17T18:00:03","slug":"fabrica-de-canicas-iii","status":"publish","type":"product","link":"https:\/\/ruwaytoys.com\/?product=fabrica-de-canicas-iii","title":{"rendered":"FABRICA DE CANICAS III"},"content":{"rendered":"\n<p>Robotime-ROKR Marble Explorer&nbsp;<a href=\"https:\/\/www.robotimeonline.com\/collections\/marble-run\">Marble Run&nbsp;<\/a>LG504 se basa en una gran ingenier\u00eda humana. El dise\u00f1o de este&nbsp;<a href=\"https:\/\/www.robotimeonline.com\/collections\/3d-wooden-puzzle\">rompecabezas de madera 3D&nbsp;<\/a>de engranajes mec\u00e1nicos&nbsp;combina la belleza de la ciencia y las m\u00e1quinas, con muchos peque\u00f1os artilugios. Construye el conjunto de carreras de m\u00e1rmol y gira el mango, observa c\u00f3mo las canicas se vuelven locas por las laderas y giran los giros.<\/p>\n\n\n\n<ul class=\"wp-block-list\">\n<li><strong>SWING BACK RAILS:&nbsp;<\/strong>LG503 Marble Explorer es un&nbsp;conjunto de m\u00e1rmol hecho a mano con una pared de riel giratorio. Constr\u00fayelo con 219 piezas de construcci\u00f3n y 10 canicas.<\/li>\n\n\n\n<li><strong>MUCHOS GADGETS DE MARCHA:&nbsp;<\/strong>Consiste en&nbsp;un elevador de gr\u00faa como ascensor, rieles de retroceso, 2 rieles rectos, 2 rieles curvos, una chancla como interruptor para conducir las canicas a 2 caminos.<\/li>\n\n\n\n<li><strong>CONCEPTOS STEM:&nbsp;<\/strong>Aprende los principios de Ciencia, Tecnolog\u00eda, Ingenier\u00eda y Matem\u00e1ticas (STEM)<\/li>\n\n\n\n<li><strong>HOBBY Y REGALO:&nbsp;<\/strong>El corte l\u00e1ser preciso garantiza una experiencia de construcci\u00f3n fluida. Tambi\u00e9n es un gran regalo para la familia y los amigos.<\/li>\n<\/ul>\n\n\n\n<figure class=\"wp-block-embed is-type-video is-provider-youtube wp-block-embed-youtube wp-embed-aspect-16-9 wp-has-aspect-ratio\"><div class=\"wp-block-embed__wrapper\">\n<div class=\"jetpack-video-wrapper\"><iframe title=\"Robotime Magic Crash series-Lift coaster LG503 Assembling video\" width=\"640\" height=\"360\" src=\"https:\/\/www.youtube.com\/embed\/MLe6zs1xWHI?feature=oembed\" frameborder=\"0\" allow=\"accelerometer; autoplay; clipboard-write; encrypted-media; gyroscope; picture-in-picture; web-share\" referrerpolicy=\"strict-origin-when-cross-origin\" allowfullscreen><\/iframe><\/div>\n<\/div><\/figure>\n","protected":false},"excerpt":{"rendered":"<p>C\u00f3digo: LG503<br \/>Piezas: 260<br \/>Tiempo de montaje: 5 Hrs<br \/>Tama\u00f1o ensamblado: 25.5*22.9*20.4cm<br \/>NIVEL: <img decoding=\"async\" role=\"img\" class=\"emoji\" src=\"https:\/\/s.w.org\/images\/core\/emoji\/14.0.0\/svg\/2b50.svg\" alt=\"\u2b50\"><img decoding=\"async\" role=\"img\" class=\"emoji\" src=\"https:\/\/s.w.org\/images\/core\/emoji\/14.0.0\/svg\/2b50.svg\" alt=\"\u2b50\"><img decoding=\"async\" role=\"img\" class=\"emoji\" src=\"https:\/\/s.w.org\/images\/core\/emoji\/14.0.0\/svg\/2b50.svg\" alt=\"\u2b50\"><img decoding=\"async\" role=\"img\" class=\"emoji\" src=\"https:\/\/s.w.org\/images\/core\/emoji\/14.0.0\/svg\/2b50.svg\" alt=\"\u2b50\"><\/p>\n<p>Descripcion: Este es un conjunto de m\u00e1rmol que sin duda te sorprender\u00e1. Construye este rompecabezas de madera en 3D con tus manos y observa c\u00f3mo las canicas corren sin problemas a trav\u00e9s de esas trampillas. Todo impulsado por mec\u00e1nica, sin necesidad de bater\u00eda, Consiste en un elevador de gr\u00faa como ascensor, rieles de retroceso, 2 rieles rectos, 2 rieles curvos, una chancla como interruptor para conducir las canicas a 2 caminos.<\/p>\n","protected":false},"featured_media":523,"comment_status":"open","ping_status":"closed","template":"","meta":{"_joinchat":[]},"product_brand":[],"product_cat":[18],"product_tag":[],"class_list":{"0":"post-520","1":"product","2":"type-product","3":"status-publish","4":"has-post-thumbnail","6":"product_cat-rompecabezas","8":"first","9":"instock","10":"purchasable","11":"product-type-simple"},"jetpack_sharing_enabled":true,"_links":{"self":[{"href":"https:\/\/ruwaytoys.com\/index.php?rest_route=\/wp\/v2\/product\/520","targetHints":{"allow":["GET"]}}],"collection":[{"href":"https:\/\/ruwaytoys.com\/index.php?rest_route=\/wp\/v2\/product"}],"about":[{"href":"https:\/\/ruwaytoys.com\/index.php?rest_route=\/wp\/v2\/types\/product"}],"replies":[{"embeddable":true,"href":"https:\/\/ruwaytoys.com\/index.php?rest_route=%2Fwp%2Fv2%2Fcomments&post=520"}],"version-history":[{"count":1,"href":"https:\/\/ruwaytoys.com\/index.php?rest_route=\/wp\/v2\/product\/520\/revisions"}],"predecessor-version":[{"id":524,"href":"https:\/\/ruwaytoys.com\/index.php?rest_route=\/wp\/v2\/product\/520\/revisions\/524"}],"wp:featuredmedia":[{"embeddable":true,"href":"https:\/\/ruwaytoys.com\/index.php?rest_route=\/wp\/v2\/media\/523"}],"wp:attachment":[{"href":"https:\/\/ruwaytoys.com\/index.php?rest_route=%2Fwp%2Fv2%2Fmedia&parent=520"}],"wp:term":[{"taxonomy":"product_brand","embeddable":true,"href":"https:\/\/ruwaytoys.com\/index.php?rest_route=%2Fwp%2Fv2%2Fproduct_brand&post=520"},{"taxonomy":"product_cat","embeddable":true,"href":"https:\/\/ruwaytoys.com\/index.php?rest_route=%2Fwp%2Fv2%2Fproduct_cat&post=520"},{"taxonomy":"product_tag","embeddable":true,"href":"https:\/\/ruwaytoys.com\/index.php?rest_route=%2Fwp%2Fv2%2Fproduct_tag&post=520"}],"curies":[{"name":"wp","href":"https:\/\/api.w.org\/{rel}","templated":true}]}}