{"id":513,"date":"2023-11-18T17:13:18","date_gmt":"2023-11-18T22:13:18","guid":{"rendered":"https:\/\/ruwaytoys.com\/?post_type=product&#038;p=513"},"modified":"2024-01-17T12:59:26","modified_gmt":"2024-01-17T17:59:26","slug":"fabrica-de-canicas-ii","status":"publish","type":"product","link":"https:\/\/ruwaytoys.com\/?product=fabrica-de-canicas-ii","title":{"rendered":"FABRICA DE CANICAS II"},"content":{"rendered":"\n<p>Robotime-ROKR Big Funnel Marble Run LG501 es un&nbsp;<a href=\"https:\/\/www.robotimeonline.com\/collections\/3d-wooden-puzzle\">rompecabezas de madera 3D&nbsp;<\/a>de engranajes mec\u00e1nicos&nbsp;basado en una gran ingenier\u00eda humana. Su dise\u00f1o combina la belleza de la ciencia y las m\u00e1quinas, involucrando tantos artilugios peque\u00f1os. Construye este&nbsp;juego de rompecabezas de madera en 3D&nbsp;<a href=\"https:\/\/www.robotimeonline.com\/collections\/marble-run\">de m\u00e1rmol&nbsp;<\/a>y gira el mango, mira c\u00f3mo las canicas se vuelven locas por las laderas y giran. \u00a1Divi\u00e9rtete!<\/p>\n\n\n\n<ul class=\"wp-block-list\">\n<li><strong>FUNNEL RAIL:&nbsp;<\/strong>LG501 Marble Parkour es un&nbsp;juego de rompecabezas de madera 3D de m\u00e1rmol hecho a mano con un gran riel de embudo. Constr\u00fayelo con 233 piezas de construcci\u00f3n y 10 canicas.<\/li>\n\n\n\n<li><strong>MUCHOS GADGETS DE MARCHA:&nbsp;<\/strong>Consiste en&nbsp;un elevador de ruedas, un paso a paso de escalera como ascensor, un embudo en espiral, 2 rieles rectos, 3 rieles curvos, una chancla como interruptor para conducir las canicas a 2 caminos.<\/li>\n\n\n\n<li><strong>CONCEPTOS STEM:&nbsp;<\/strong>Aprende los principios de la ciencia, la tecnolog\u00eda, la ingenier\u00eda y las matem\u00e1ticas (STEM)<\/li>\n\n\n\n<li><strong>HOBBY Y REGALO:&nbsp;<\/strong>El corte l\u00e1ser preciso garantiza una experiencia de construcci\u00f3n fluida. Tambi\u00e9n es un gran regalo para la familia y los amigos.<\/li>\n<\/ul>\n\n\n\n<figure class=\"wp-block-embed is-type-video is-provider-youtube wp-block-embed-youtube wp-embed-aspect-16-9 wp-has-aspect-ratio\"><div class=\"wp-block-embed__wrapper\">\n<div class=\"jetpack-video-wrapper\"><iframe title=\"Robotime Magic Crush - Marble Run Model Building Kits - Waterwheel coaster LG501\" width=\"640\" height=\"360\" src=\"https:\/\/www.youtube.com\/embed\/EDaFS8gBsNM?feature=oembed\" frameborder=\"0\" allow=\"accelerometer; autoplay; clipboard-write; encrypted-media; gyroscope; picture-in-picture; web-share\" referrerpolicy=\"strict-origin-when-cross-origin\" allowfullscreen><\/iframe><\/div>\n<\/div><\/figure>\n","protected":false},"excerpt":{"rendered":"<p>C\u00f3digos: LG501<br \/>Piezas: 254<br \/>Tiempo de montaje: 6 Hrs<br \/>Tama\u00f1o ensamblado: 25.5*23.5*18.5cm<br \/>Nivel: <img decoding=\"async\" role=\"img\" class=\"emoji\" src=\"https:\/\/s.w.org\/images\/core\/emoji\/14.0.0\/svg\/2b50.svg\" alt=\"\u2b50\"><img decoding=\"async\" role=\"img\" class=\"emoji\" src=\"https:\/\/s.w.org\/images\/core\/emoji\/14.0.0\/svg\/2b50.svg\" alt=\"\u2b50\"><img decoding=\"async\" role=\"img\" class=\"emoji\" src=\"https:\/\/s.w.org\/images\/core\/emoji\/14.0.0\/svg\/2b50.svg\" alt=\"\u2b50\"><img decoding=\"async\" role=\"img\" class=\"emoji\" src=\"https:\/\/s.w.org\/images\/core\/emoji\/14.0.0\/svg\/2b50.svg\" alt=\"\u2b50\"><\/p>\n<p>Descripcion: Este es un divertido juego de rompecabezas de madera en 3D de Big Funnel. \u00a1Prep\u00e1rate para competir contra el tiempo y la velocidad con este incre\u00edble conjunto de carreras de m\u00e1rmol de madera!<\/p>\n","protected":false},"featured_media":518,"comment_status":"open","ping_status":"closed","template":"","meta":{"_joinchat":[]},"product_brand":[],"product_cat":[18],"product_tag":[],"class_list":{"0":"post-513","1":"product","2":"type-product","3":"status-publish","4":"has-post-thumbnail","6":"product_cat-rompecabezas","8":"first","9":"instock","10":"shipping-taxable","11":"purchasable","12":"product-type-simple"},"jetpack_sharing_enabled":true,"_links":{"self":[{"href":"https:\/\/ruwaytoys.com\/index.php?rest_route=\/wp\/v2\/product\/513","targetHints":{"allow":["GET"]}}],"collection":[{"href":"https:\/\/ruwaytoys.com\/index.php?rest_route=\/wp\/v2\/product"}],"about":[{"href":"https:\/\/ruwaytoys.com\/index.php?rest_route=\/wp\/v2\/types\/product"}],"replies":[{"embeddable":true,"href":"https:\/\/ruwaytoys.com\/index.php?rest_route=%2Fwp%2Fv2%2Fcomments&post=513"}],"version-history":[{"count":1,"href":"https:\/\/ruwaytoys.com\/index.php?rest_route=\/wp\/v2\/product\/513\/revisions"}],"predecessor-version":[{"id":519,"href":"https:\/\/ruwaytoys.com\/index.php?rest_route=\/wp\/v2\/product\/513\/revisions\/519"}],"wp:featuredmedia":[{"embeddable":true,"href":"https:\/\/ruwaytoys.com\/index.php?rest_route=\/wp\/v2\/media\/518"}],"wp:attachment":[{"href":"https:\/\/ruwaytoys.com\/index.php?rest_route=%2Fwp%2Fv2%2Fmedia&parent=513"}],"wp:term":[{"taxonomy":"product_brand","embeddable":true,"href":"https:\/\/ruwaytoys.com\/index.php?rest_route=%2Fwp%2Fv2%2Fproduct_brand&post=513"},{"taxonomy":"product_cat","embeddable":true,"href":"https:\/\/ruwaytoys.com\/index.php?rest_route=%2Fwp%2Fv2%2Fproduct_cat&post=513"},{"taxonomy":"product_tag","embeddable":true,"href":"https:\/\/ruwaytoys.com\/index.php?rest_route=%2Fwp%2Fv2%2Fproduct_tag&post=513"}],"curies":[{"name":"wp","href":"https:\/\/api.w.org\/{rel}","templated":true}]}}