{"id":501,"date":"2023-11-18T16:59:10","date_gmt":"2023-11-18T21:59:10","guid":{"rendered":"https:\/\/ruwaytoys.com\/?post_type=product&#038;p=501"},"modified":"2024-01-24T21:55:08","modified_gmt":"2024-01-25T02:55:08","slug":"fabrica-de-canicas-city-i","status":"publish","type":"product","link":"https:\/\/ruwaytoys.com\/?product=fabrica-de-canicas-city-i","title":{"rendered":"FABRICA DE CANICAS CITY I"},"content":{"rendered":"\n<p>El set Robotime-ROKR Trapdoors Marble Run LG502 es un&nbsp;juguete de&nbsp;<a href=\"https:\/\/www.robotimeonline.com\/collections\/3d-wooden-puzzle\">rompecabezas de madera en 3D&nbsp;<\/a>bien dise\u00f1ado&nbsp;basado en una gran ingenier\u00eda humana. Combina la belleza de la ciencia y las m\u00e1quinas, involucrando tantos artilugios peque\u00f1os. Construye el conjunto y gira el mango, observa c\u00f3mo las canicas se vuelven locas por cada trampilla, pendiente y giro. Te brindar\u00e1 una experiencia de construcci\u00f3n y juego s\u00faper divertida.<\/p>\n\n\n\n<ul class=\"wp-block-list\">\n<li><strong>TRACK TRAPDOORS:&nbsp;<\/strong>Un&nbsp;<a href=\"https:\/\/www.robotimeonline.com\/collections\/marble-run\">conjunto de m\u00e1rmol&nbsp;<\/a>hecho a mano&nbsp;con toda una parte posterior de la pista de trampilla. Constr\u00fayelo con 233 piezas de construcci\u00f3n y 10 canicas.<\/li>\n\n\n\n<li><strong>MUCHOS GADGETS DE MARCHA:&nbsp;<\/strong>Consiste en&nbsp;un elevador de ruedas, un paso a paso de escalera, 4 rieles rectos, trampillas y una pista de bloques. Un intrincado sistema de engranajes, engranajes y ruedas, lleno de giros locos.<\/li>\n\n\n\n<li><strong>CONCEPTOS STEM:&nbsp;<\/strong>Aprende los principios de la ciencia, la tecnolog\u00eda, la ingenier\u00eda y las matem\u00e1ticas (STEM)<\/li>\n\n\n\n<li><strong>HOBBY Y REGALO:&nbsp;<\/strong>El corte l\u00e1ser preciso garantiza una experiencia de construcci\u00f3n fluida. Tambi\u00e9n es un gran regalo para la familia y los amigos.<\/li>\n<\/ul>\n\n\n\n<figure class=\"wp-block-embed is-type-video is-provider-youtube wp-block-embed-youtube wp-embed-aspect-16-9 wp-has-aspect-ratio\"><div class=\"wp-block-embed__wrapper\">\n<div class=\"jetpack-video-wrapper\"><iframe title=\"Robotime Magic Crush - Marble Run Model Building Kits - Cog coaster LG502\" width=\"640\" height=\"360\" src=\"https:\/\/www.youtube.com\/embed\/FXuUZfjROEs?feature=oembed\" frameborder=\"0\" allow=\"accelerometer; autoplay; clipboard-write; encrypted-media; gyroscope; picture-in-picture; web-share\" referrerpolicy=\"strict-origin-when-cross-origin\" allowfullscreen><\/iframe><\/div>\n<\/div><\/figure>\n","protected":false},"excerpt":{"rendered":"<p>C\u00f3digo: LG502\u00a0<br \/>Piezas: 254 pcs<br \/>Tiempo de montaje: 6 Hrs<br \/>Tama\u00f1o ensamblado: 25.5*23.5*18.5cm<br \/>Nivel: 4<\/p>\n<p>Descripci\u00f3n: Este es un conjunto de m\u00e1rmol que sin duda te sorprender\u00e1. Construye este rompecabezas de madera en 3D con tus manos y observa c\u00f3mo las canicas corren sin problemas a trav\u00e9s de esas trampillas. Todo impulsado por mec\u00e1nica, sin necesidad de bater\u00eda.<\/p>\n","protected":false},"featured_media":506,"comment_status":"open","ping_status":"closed","template":"","meta":{"_joinchat":[]},"product_brand":[],"product_cat":[18],"product_tag":[],"class_list":{"0":"post-501","1":"product","2":"type-product","3":"status-publish","4":"has-post-thumbnail","6":"product_cat-rompecabezas","8":"first","9":"instock","10":"shipping-taxable","11":"purchasable","12":"product-type-simple"},"jetpack_sharing_enabled":true,"_links":{"self":[{"href":"https:\/\/ruwaytoys.com\/index.php?rest_route=\/wp\/v2\/product\/501","targetHints":{"allow":["GET"]}}],"collection":[{"href":"https:\/\/ruwaytoys.com\/index.php?rest_route=\/wp\/v2\/product"}],"about":[{"href":"https:\/\/ruwaytoys.com\/index.php?rest_route=\/wp\/v2\/types\/product"}],"replies":[{"embeddable":true,"href":"https:\/\/ruwaytoys.com\/index.php?rest_route=%2Fwp%2Fv2%2Fcomments&post=501"}],"version-history":[{"count":2,"href":"https:\/\/ruwaytoys.com\/index.php?rest_route=\/wp\/v2\/product\/501\/revisions"}],"predecessor-version":[{"id":851,"href":"https:\/\/ruwaytoys.com\/index.php?rest_route=\/wp\/v2\/product\/501\/revisions\/851"}],"wp:featuredmedia":[{"embeddable":true,"href":"https:\/\/ruwaytoys.com\/index.php?rest_route=\/wp\/v2\/media\/506"}],"wp:attachment":[{"href":"https:\/\/ruwaytoys.com\/index.php?rest_route=%2Fwp%2Fv2%2Fmedia&parent=501"}],"wp:term":[{"taxonomy":"product_brand","embeddable":true,"href":"https:\/\/ruwaytoys.com\/index.php?rest_route=%2Fwp%2Fv2%2Fproduct_brand&post=501"},{"taxonomy":"product_cat","embeddable":true,"href":"https:\/\/ruwaytoys.com\/index.php?rest_route=%2Fwp%2Fv2%2Fproduct_cat&post=501"},{"taxonomy":"product_tag","embeddable":true,"href":"https:\/\/ruwaytoys.com\/index.php?rest_route=%2Fwp%2Fv2%2Fproduct_tag&post=501"}],"curies":[{"name":"wp","href":"https:\/\/api.w.org\/{rel}","templated":true}]}}