{"id":478,"date":"2023-11-18T16:10:33","date_gmt":"2023-11-18T21:10:33","guid":{"rendered":"https:\/\/ruwaytoys.com\/?post_type=product&#038;p=478"},"modified":"2024-01-17T12:58:40","modified_gmt":"2024-01-17T17:58:40","slug":"torre-de-control-aeropuerto","status":"publish","type":"product","link":"https:\/\/ruwaytoys.com\/?product=torre-de-control-aeropuerto","title":{"rendered":"TORRE DE CONTROL AEROPUERTO!"},"content":{"rendered":"\n<p>La caja de m\u00fasica Rolife Airplane Control Tower AMK41 es un rompecabezas de madera 3D de engranajes mec\u00e1nicos. A diferencia de la apariencia de otras cajas de m\u00fasica comunes, esta est\u00e1 dise\u00f1ada con una combinaci\u00f3n de una torre de control y tres biplanos giratorios, que est\u00e1n inspirados en el viaje en avi\u00f3n giratorio en un parque de atracciones.<\/p>\n\n\n\n<p><br>Con el movimiento de potencia incorporado, los 3 biplanos pueden girar con la m\u00fasica &#8211; It&#8217;s A Small World &#8211; despu\u00e9s de terminar. Construye este rompecabezas de madera 3D de caja de m\u00fasica \u00fanica con tus propias manos y disfruta de la felicidad que te trae.<\/p>\n\n\n\n<p><br>La torre de control del avi\u00f3n es la combinaci\u00f3n de una torre de control y tres biplanos giratorios. Dise\u00f1o complejo y preciso de la estructura, combinaci\u00f3n exquisita. Tocando m\u00fasica encantadora despu\u00e9s de terminar.<\/p>\n\n\n\n<figure class=\"wp-block-embed is-type-video is-provider-youtube wp-block-embed-youtube wp-embed-aspect-16-9 wp-has-aspect-ratio\"><div class=\"wp-block-embed__wrapper\">\n<div class=\"jetpack-video-wrapper\"><iframe title=\"ROKR AMK Series Wooden Music Box Puzzles\" width=\"640\" height=\"360\" src=\"https:\/\/www.youtube.com\/embed\/4TWHeHP51aI?feature=oembed\" frameborder=\"0\" allow=\"accelerometer; autoplay; clipboard-write; encrypted-media; gyroscope; picture-in-picture; web-share\" referrerpolicy=\"strict-origin-when-cross-origin\" allowfullscreen><\/iframe><\/div>\n<\/div><\/figure>\n","protected":false},"excerpt":{"rendered":"<p>C\u00f3digo AMK41<br \/>Piezas: 255 pcs<br \/>Tiempo de armado: 3 Hrs<br \/>Tiempo de ensamblado: 19.5*19.5*25.1cm<br \/>Nivel: <img decoding=\"async\" role=\"img\" class=\"emoji\" src=\"https:\/\/s.w.org\/images\/core\/emoji\/14.0.0\/svg\/2b50.svg\" alt=\"\u2b50\"><img decoding=\"async\" role=\"img\" class=\"emoji\" src=\"https:\/\/s.w.org\/images\/core\/emoji\/14.0.0\/svg\/2b50.svg\" alt=\"\u2b50\"><img decoding=\"async\" role=\"img\" class=\"emoji\" src=\"https:\/\/s.w.org\/images\/core\/emoji\/14.0.0\/svg\/2b50.svg\" alt=\"\u2b50\"><img decoding=\"async\" role=\"img\" class=\"emoji\" src=\"https:\/\/s.w.org\/images\/core\/emoji\/14.0.0\/svg\/2b50.svg\" alt=\"\u2b50\"><\/p>\n<p>Descripcion: Esta genial y rom\u00e1ntica caja de m\u00fasica de la torre<br \/>de control del avi\u00f3n est\u00e1 inspirada en el cl\u00e1sico<br \/>avi\u00f3n giratorio del parque de diversiones que a los<br \/>ni\u00f1os les encanta jugar. Esta caja de m\u00fasica creativa ser\u00e1 un excelente rompecabezas de madera<br \/>en 3D para adolescentes y adultos.!<\/p>\n","protected":false},"featured_media":482,"comment_status":"open","ping_status":"closed","template":"","meta":{"_joinchat":[]},"product_brand":[],"product_cat":[18],"product_tag":[],"class_list":{"0":"post-478","1":"product","2":"type-product","3":"status-publish","4":"has-post-thumbnail","6":"product_cat-rompecabezas","8":"first","9":"instock","10":"shipping-taxable","11":"purchasable","12":"product-type-simple"},"jetpack_sharing_enabled":true,"_links":{"self":[{"href":"https:\/\/ruwaytoys.com\/index.php?rest_route=\/wp\/v2\/product\/478","targetHints":{"allow":["GET"]}}],"collection":[{"href":"https:\/\/ruwaytoys.com\/index.php?rest_route=\/wp\/v2\/product"}],"about":[{"href":"https:\/\/ruwaytoys.com\/index.php?rest_route=\/wp\/v2\/types\/product"}],"replies":[{"embeddable":true,"href":"https:\/\/ruwaytoys.com\/index.php?rest_route=%2Fwp%2Fv2%2Fcomments&post=478"}],"version-history":[{"count":1,"href":"https:\/\/ruwaytoys.com\/index.php?rest_route=\/wp\/v2\/product\/478\/revisions"}],"predecessor-version":[{"id":483,"href":"https:\/\/ruwaytoys.com\/index.php?rest_route=\/wp\/v2\/product\/478\/revisions\/483"}],"wp:featuredmedia":[{"embeddable":true,"href":"https:\/\/ruwaytoys.com\/index.php?rest_route=\/wp\/v2\/media\/482"}],"wp:attachment":[{"href":"https:\/\/ruwaytoys.com\/index.php?rest_route=%2Fwp%2Fv2%2Fmedia&parent=478"}],"wp:term":[{"taxonomy":"product_brand","embeddable":true,"href":"https:\/\/ruwaytoys.com\/index.php?rest_route=%2Fwp%2Fv2%2Fproduct_brand&post=478"},{"taxonomy":"product_cat","embeddable":true,"href":"https:\/\/ruwaytoys.com\/index.php?rest_route=%2Fwp%2Fv2%2Fproduct_cat&post=478"},{"taxonomy":"product_tag","embeddable":true,"href":"https:\/\/ruwaytoys.com\/index.php?rest_route=%2Fwp%2Fv2%2Fproduct_tag&post=478"}],"curies":[{"name":"wp","href":"https:\/\/api.w.org\/{rel}","templated":true}]}}