{"id":472,"date":"2023-11-18T16:00:26","date_gmt":"2023-11-18T21:00:26","guid":{"rendered":"https:\/\/ruwaytoys.com\/?post_type=product&#038;p=472"},"modified":"2024-01-24T21:52:10","modified_gmt":"2024-01-25T02:52:10","slug":"telescopio-pirata-retro","status":"publish","type":"product","link":"https:\/\/ruwaytoys.com\/?product=telescopio-pirata-retro","title":{"rendered":"TELESCOPIO PIRATA RETRO"},"content":{"rendered":"\n<p>El telescopio monocular Robotime-ROKR ST004 es un&nbsp;<a href=\"https:\/\/www.robotimeonline.com\/collections\/3d-wooden-puzzle\">rompecabezas de madera&nbsp;<\/a>modelo&nbsp;<a href=\"https:\/\/www.robotimeonline.com\/collections\/3d-wooden-puzzle\">3D de&nbsp;<\/a>telescopio de estilo cl\u00e1sico. Este rompecabezas ROKR est\u00e1 dise\u00f1ado con placa de identificaci\u00f3n decorativa de cuero y metal retro, tr\u00edpode ajustable y barril de lente de telescopio. La distancia de visi\u00f3n real es de 150 M (500 pies). Construirlo con tus propias manos ser\u00e1 una experiencia para los navegantes y los amantes de las aventuras.<\/p>\n\n\n\n<ul class=\"wp-block-list\">\n<li>REGALO \u00daNICO Y DECORACI\u00d3N CON ESTILO: Un gran regalo pr\u00e1ctico \u00fanico para cualquier amante del bricolaje o cualquier ocasi\u00f3n como Navidad, D\u00eda del Padre, Cumplea\u00f1os. Decoraci\u00f3n interior de lujo para su habitaci\u00f3n y oficina.<\/li>\n\n\n\n<li>SIENTE EL SENTIDO DE LA REALIZACI\u00d3N: Divi\u00e9rtete en cada artesan\u00eda de bricolaje desde el edificio, la artesan\u00eda o incluso la redecoraci\u00f3n. Necesita paciencia y destreza, \u00a1pero tambi\u00e9n produce placer!<\/li>\n\n\n\n<li>DIVERSI\u00d3N FAMILIAR JUNTOS: El kit de gran tama\u00f1o lleva m\u00e1s tiempo que otros rompecabezas 3D de madera. \u00a1Constr\u00fayelo con la familia o los amigos para compartir la diversi\u00f3n! Ser\u00eda incre\u00edble cuando termines.<\/li>\n<\/ul>\n\n\n\n<figure class=\"wp-block-embed is-type-video is-provider-youtube wp-block-embed-youtube wp-embed-aspect-16-9 wp-has-aspect-ratio\"><div class=\"wp-block-embed__wrapper\">\n<div class=\"jetpack-video-wrapper\"><iframe title=\"Robotime-ROKR Monocular Telescope ST004 | 3D Wooden Puzzle\" width=\"640\" height=\"360\" src=\"https:\/\/www.youtube.com\/embed\/vkeVZFlWGEA?feature=oembed\" frameborder=\"0\" allow=\"accelerometer; autoplay; clipboard-write; encrypted-media; gyroscope; picture-in-picture; web-share\" referrerpolicy=\"strict-origin-when-cross-origin\" allowfullscreen><\/iframe><\/div>\n<\/div><\/figure>\n","protected":false},"excerpt":{"rendered":"<p>C\u00f3digo: ST004<br \/>Piezas: 314 pcs<br \/>Tiempo de montaje: 2.50 Hrs<br \/>Tama\u00f1o ensamblado: 33*24*32,5cm <br \/>Nivel: 3<\/p>\n<p>Descripcion: Rompecabezas de madera 3D\u00a0\u00a0Esta es una r\u00e9plica exquisita del telescopio<br \/>pirata retro con hermosas impresiones y<br \/>equipado con un tr\u00edpode extensible. Empuje<br \/>y tire de los 3 tubos y podr\u00e1 ver los objetos<br \/>ampliados a trav\u00e9s del lente.<\/p>\n","protected":false},"featured_media":476,"comment_status":"open","ping_status":"closed","template":"","meta":{"_joinchat":[]},"product_brand":[],"product_cat":[18],"product_tag":[],"class_list":{"0":"post-472","1":"product","2":"type-product","3":"status-publish","4":"has-post-thumbnail","6":"product_cat-rompecabezas","8":"first","9":"instock","10":"shipping-taxable","11":"purchasable","12":"product-type-simple"},"jetpack_sharing_enabled":true,"_links":{"self":[{"href":"https:\/\/ruwaytoys.com\/index.php?rest_route=\/wp\/v2\/product\/472","targetHints":{"allow":["GET"]}}],"collection":[{"href":"https:\/\/ruwaytoys.com\/index.php?rest_route=\/wp\/v2\/product"}],"about":[{"href":"https:\/\/ruwaytoys.com\/index.php?rest_route=\/wp\/v2\/types\/product"}],"replies":[{"embeddable":true,"href":"https:\/\/ruwaytoys.com\/index.php?rest_route=%2Fwp%2Fv2%2Fcomments&post=472"}],"version-history":[{"count":2,"href":"https:\/\/ruwaytoys.com\/index.php?rest_route=\/wp\/v2\/product\/472\/revisions"}],"predecessor-version":[{"id":849,"href":"https:\/\/ruwaytoys.com\/index.php?rest_route=\/wp\/v2\/product\/472\/revisions\/849"}],"wp:featuredmedia":[{"embeddable":true,"href":"https:\/\/ruwaytoys.com\/index.php?rest_route=\/wp\/v2\/media\/476"}],"wp:attachment":[{"href":"https:\/\/ruwaytoys.com\/index.php?rest_route=%2Fwp%2Fv2%2Fmedia&parent=472"}],"wp:term":[{"taxonomy":"product_brand","embeddable":true,"href":"https:\/\/ruwaytoys.com\/index.php?rest_route=%2Fwp%2Fv2%2Fproduct_brand&post=472"},{"taxonomy":"product_cat","embeddable":true,"href":"https:\/\/ruwaytoys.com\/index.php?rest_route=%2Fwp%2Fv2%2Fproduct_cat&post=472"},{"taxonomy":"product_tag","embeddable":true,"href":"https:\/\/ruwaytoys.com\/index.php?rest_route=%2Fwp%2Fv2%2Fproduct_tag&post=472"}],"curies":[{"name":"wp","href":"https:\/\/api.w.org\/{rel}","templated":true}]}}