{"id":448,"date":"2023-11-18T15:20:02","date_gmt":"2023-11-18T20:20:02","guid":{"rendered":"https:\/\/ruwaytoys.com\/?post_type=product&#038;p=448"},"modified":"2024-01-24T21:48:08","modified_gmt":"2024-01-25T02:48:08","slug":"sillas-voladora-musical","status":"publish","type":"product","link":"https:\/\/ruwaytoys.com\/?product=sillas-voladora-musical","title":{"rendered":"SILLAS VOLADORA MUSICAL"},"content":{"rendered":"\n<p>L<a href=\"https:\/\/www.robotimeonline.com\/collections\/diy-music-box\">a caja de m\u00fasica\u00a0<\/a>Robotime-ROKR Swing Ride\u00a0<a href=\"https:\/\/www.robotimeonline.com\/collections\/diy-music-box\">DIY\u00a0<\/a>es un kit de rompecabezas 3D de madera creativo y divertido de jugar de la serie Magic Amusement Park. Su dise\u00f1o est\u00e1 inspirado en el swing en el parque de atracciones. Con el movimiento incorporado, los asientos se suspender\u00e1n de la parte superior giratoria del carrusel con la m\u00fasica y las luces encendidas con solo tocar el bot\u00f3n. \u00a1Construye este exquisito\u00a0<a href=\"https:\/\/www.robotimeonline.com\/collections\/3d-wooden-puzzle\">rompecabezas de madera en 3D\u00a0<\/a>con tus manos y disfruta del viaje!<\/p>\n\n\n\n<p>El art\u00edculo tiene forma de techo retro, la cenefa y el cintur\u00f3n de la l\u00e1mpara rodean la cornisa juntos, la atm\u00f3sfera crea un sabor rom\u00e1ntico y c\u00e1lido y a\u00f1ade un encanto cl\u00e1sico persistente. Los seis lados del pilar central est\u00e1n hechos de material de espejo. Es como un misterioso espejo m\u00e1gico cuando se encienden las luces, reflejando el romance del para\u00edso y aumentando la estratificaci\u00f3n general.<\/p>\n\n\n\n<figure class=\"wp-block-embed is-type-video is-provider-youtube wp-block-embed-youtube wp-embed-aspect-16-9 wp-has-aspect-ratio\"><div class=\"wp-block-embed__wrapper\">\n<div class=\"jetpack-video-wrapper\"><iframe title=\"ROKR MAGIC AMMUSEMENT PARK SWING RIDE EA02\" width=\"640\" height=\"360\" src=\"https:\/\/www.youtube.com\/embed\/ZL93nLE37pQ?feature=oembed\" frameborder=\"0\" allow=\"accelerometer; autoplay; clipboard-write; encrypted-media; gyroscope; picture-in-picture; web-share\" referrerpolicy=\"strict-origin-when-cross-origin\" allowfullscreen><\/iframe><\/div>\n<\/div><\/figure>\n","protected":false},"excerpt":{"rendered":"<p>C\u00f3digo: EA02<br \/>Piezas: 289 PCS<br \/>Tiempo de montaje: 6h<br \/>Tama\u00f1o ensamblado: 15*15*27cm<\/p>\n<p>Descripci\u00f3n: Construye una caja de m\u00fasica con tus propias<br \/>manos. Por favor, abr\u00f3chense el cintur\u00f3n de<br \/>seguridad, \u00a1el viaje est\u00e1 a punto de comenzar!<\/p>\n","protected":false},"featured_media":452,"comment_status":"open","ping_status":"closed","template":"","meta":{"_joinchat":[]},"product_brand":[],"product_cat":[18],"product_tag":[],"class_list":{"0":"post-448","1":"product","2":"type-product","3":"status-publish","4":"has-post-thumbnail","6":"product_cat-rompecabezas","8":"first","9":"instock","10":"shipping-taxable","11":"purchasable","12":"product-type-simple"},"jetpack_sharing_enabled":true,"_links":{"self":[{"href":"https:\/\/ruwaytoys.com\/index.php?rest_route=\/wp\/v2\/product\/448","targetHints":{"allow":["GET"]}}],"collection":[{"href":"https:\/\/ruwaytoys.com\/index.php?rest_route=\/wp\/v2\/product"}],"about":[{"href":"https:\/\/ruwaytoys.com\/index.php?rest_route=\/wp\/v2\/types\/product"}],"replies":[{"embeddable":true,"href":"https:\/\/ruwaytoys.com\/index.php?rest_route=%2Fwp%2Fv2%2Fcomments&post=448"}],"version-history":[{"count":3,"href":"https:\/\/ruwaytoys.com\/index.php?rest_route=\/wp\/v2\/product\/448\/revisions"}],"predecessor-version":[{"id":847,"href":"https:\/\/ruwaytoys.com\/index.php?rest_route=\/wp\/v2\/product\/448\/revisions\/847"}],"wp:featuredmedia":[{"embeddable":true,"href":"https:\/\/ruwaytoys.com\/index.php?rest_route=\/wp\/v2\/media\/452"}],"wp:attachment":[{"href":"https:\/\/ruwaytoys.com\/index.php?rest_route=%2Fwp%2Fv2%2Fmedia&parent=448"}],"wp:term":[{"taxonomy":"product_brand","embeddable":true,"href":"https:\/\/ruwaytoys.com\/index.php?rest_route=%2Fwp%2Fv2%2Fproduct_brand&post=448"},{"taxonomy":"product_cat","embeddable":true,"href":"https:\/\/ruwaytoys.com\/index.php?rest_route=%2Fwp%2Fv2%2Fproduct_cat&post=448"},{"taxonomy":"product_tag","embeddable":true,"href":"https:\/\/ruwaytoys.com\/index.php?rest_route=%2Fwp%2Fv2%2Fproduct_tag&post=448"}],"curies":[{"name":"wp","href":"https:\/\/api.w.org\/{rel}","templated":true}]}}