{"id":435,"date":"2023-11-18T14:56:17","date_gmt":"2023-11-18T19:56:17","guid":{"rendered":"https:\/\/ruwaytoys.com\/?post_type=product&#038;p=435"},"modified":"2024-01-24T21:51:19","modified_gmt":"2024-01-25T02:51:19","slug":"reloj-buho","status":"publish","type":"product","link":"https:\/\/ruwaytoys.com\/?product=reloj-buho","title":{"rendered":"RELOJ BUHO"},"content":{"rendered":"\n<p>Reloj Robotime-ROKR con equipo mec\u00e1nico en forma de b\u00faho y movimiento de bater\u00eda. Tiene un p\u00e9ndulo de cuerda con temporizador de cuerda. Cuando se acabe el tiempo, \u00a1la campana del temporizador sonar\u00e1! Proporcionamos todo lo que necesitas para construir este kit de rompecabezas de madera de engranajes mec\u00e1nicos 3D. \u00a1Divi\u00e9rtete montando tu propio reloj!<\/p>\n\n\n\n<ul class=\"wp-block-list\" id=\"mylist\">\n<li>RELOJ DE BATER\u00cdA: Un reloj real impulsado por un movimiento preciso de la bater\u00eda de cuarzo. TEMPORIZADOR DE CAMPANA: Un temporizador es alimentado por un resorte y suena cuando se agota el tiempo (m\u00e1ximo: 30 minutos).<\/li>\n\n\n\n<li>PENDULUM REAL: Un p\u00e9ndulo accionado por resorte con un escape de palanca preciso.<\/li>\n\n\n\n<li>ASPECTO ELEGANTE: Atractiva forma de b\u00faho y hermosa esfera con n\u00fameros romanos. Como decoraci\u00f3n del hogar, ser\u00e1 un placer para los ojos.<\/li>\n\n\n\n<li>REGALO PERFECTO: Presente para los amantes de la mec\u00e1nica o familiares y amigos en cualquier ocasi\u00f3n como Cumplea\u00f1os, D\u00eda del Padre o Navidad. La diversi\u00f3n de construir kits y rompecabezas de ingenier\u00eda mec\u00e1nica.<\/li>\n<\/ul>\n\n\n\n<figure class=\"wp-block-embed is-type-video is-provider-youtube wp-block-embed-youtube wp-embed-aspect-16-9 wp-has-aspect-ratio\"><div class=\"wp-block-embed__wrapper\">\n<div class=\"jetpack-video-wrapper\"><iframe title=\"ROKR Awesome Owl Clock LK503 3D Wooden Mechanical Model\" width=\"640\" height=\"360\" src=\"https:\/\/www.youtube.com\/embed\/9FnX8nPxgIk?feature=oembed\" frameborder=\"0\" allow=\"accelerometer; autoplay; clipboard-write; encrypted-media; gyroscope; picture-in-picture; web-share\" referrerpolicy=\"strict-origin-when-cross-origin\" allowfullscreen><\/iframe><\/div>\n<\/div><\/figure>\n","protected":false},"excerpt":{"rendered":"<p>C\u00f3digo: LK503<br \/>Piezas: 161<br \/>Tiempo de Montaje: 4 Hrs<br \/>Tama\u00f1o ensamblado: 20.6*<em>12.8<\/em>*26.5 cm<\/p>\n<p>Descripcion: engranajes mec\u00e1nicos, rompecabezas de madera 3D Este es un reloj de madera real que te indica la<br \/>hora exacta. \u00bfBuscas un reloj \u00fanico como el<br \/>b\u00faho? \u00a1Lo acabas de encontrar!<\/p>\n","protected":false},"featured_media":439,"comment_status":"open","ping_status":"closed","template":"","meta":{"_joinchat":[]},"product_brand":[],"product_cat":[18],"product_tag":[],"class_list":{"0":"post-435","1":"product","2":"type-product","3":"status-publish","4":"has-post-thumbnail","6":"product_cat-rompecabezas","8":"first","9":"instock","10":"shipping-taxable","11":"purchasable","12":"product-type-simple"},"jetpack_sharing_enabled":true,"_links":{"self":[{"href":"https:\/\/ruwaytoys.com\/index.php?rest_route=\/wp\/v2\/product\/435","targetHints":{"allow":["GET"]}}],"collection":[{"href":"https:\/\/ruwaytoys.com\/index.php?rest_route=\/wp\/v2\/product"}],"about":[{"href":"https:\/\/ruwaytoys.com\/index.php?rest_route=\/wp\/v2\/types\/product"}],"replies":[{"embeddable":true,"href":"https:\/\/ruwaytoys.com\/index.php?rest_route=%2Fwp%2Fv2%2Fcomments&post=435"}],"version-history":[{"count":3,"href":"https:\/\/ruwaytoys.com\/index.php?rest_route=\/wp\/v2\/product\/435\/revisions"}],"predecessor-version":[{"id":848,"href":"https:\/\/ruwaytoys.com\/index.php?rest_route=\/wp\/v2\/product\/435\/revisions\/848"}],"wp:featuredmedia":[{"embeddable":true,"href":"https:\/\/ruwaytoys.com\/index.php?rest_route=\/wp\/v2\/media\/439"}],"wp:attachment":[{"href":"https:\/\/ruwaytoys.com\/index.php?rest_route=%2Fwp%2Fv2%2Fmedia&parent=435"}],"wp:term":[{"taxonomy":"product_brand","embeddable":true,"href":"https:\/\/ruwaytoys.com\/index.php?rest_route=%2Fwp%2Fv2%2Fproduct_brand&post=435"},{"taxonomy":"product_cat","embeddable":true,"href":"https:\/\/ruwaytoys.com\/index.php?rest_route=%2Fwp%2Fv2%2Fproduct_cat&post=435"},{"taxonomy":"product_tag","embeddable":true,"href":"https:\/\/ruwaytoys.com\/index.php?rest_route=%2Fwp%2Fv2%2Fproduct_tag&post=435"}],"curies":[{"name":"wp","href":"https:\/\/api.w.org\/{rel}","templated":true}]}}