{"id":351,"date":"2023-11-02T22:12:38","date_gmt":"2023-11-03T03:12:38","guid":{"rendered":"https:\/\/ruwaytoys.com\/?post_type=product&#038;p=351"},"modified":"2023-11-20T21:53:20","modified_gmt":"2023-11-21T02:53:20","slug":"amigos-hdp","status":"publish","type":"product","link":"https:\/\/ruwaytoys.com\/?product=amigos-hdp","title":{"rendered":"Amigos hdp"},"content":{"rendered":"","protected":false},"excerpt":{"rendered":"<p>Amigos H.D.P. (Hora de pelear) es un juego pol\u00edticamente incorrecto en el que un jugador tomar\u00e1 una carta de la baraja y leer\u00e1la premisa. Luego, los dem\u00e1s jugadores anotar\u00e1n el nombre de la persona que m\u00e1s se ajuste a dicha descripci\u00f3n. Qui\u00e9n tenga m\u00e1s votos recibir\u00e1 la carta y el primero en obtener 5 cartas er\u00e1 coronado como el amigo H.D.P.Amigos HDP Juego de mesa: Amigos H.D.P. (Hora de pelear) es un juego para perder viejas amistades y quedar mal con completos desconocidos. En este juego de preguntas, podr\u00e1s decirle a tus amigos lo que siempre pensaste de ellos pero nunca te atreviste a hacerlo.<\/p>\n","protected":false},"featured_media":352,"comment_status":"open","ping_status":"closed","template":"","meta":{"_joinchat":[]},"product_brand":[],"product_cat":[22],"product_tag":[],"class_list":{"0":"post-351","1":"product","2":"type-product","3":"status-publish","4":"has-post-thumbnail","6":"product_cat-juegos-de-mesa","8":"first","9":"instock","10":"shipping-taxable","11":"purchasable","12":"product-type-simple"},"jetpack_sharing_enabled":true,"_links":{"self":[{"href":"https:\/\/ruwaytoys.com\/index.php?rest_route=\/wp\/v2\/product\/351","targetHints":{"allow":["GET"]}}],"collection":[{"href":"https:\/\/ruwaytoys.com\/index.php?rest_route=\/wp\/v2\/product"}],"about":[{"href":"https:\/\/ruwaytoys.com\/index.php?rest_route=\/wp\/v2\/types\/product"}],"replies":[{"embeddable":true,"href":"https:\/\/ruwaytoys.com\/index.php?rest_route=%2Fwp%2Fv2%2Fcomments&post=351"}],"version-history":[{"count":1,"href":"https:\/\/ruwaytoys.com\/index.php?rest_route=\/wp\/v2\/product\/351\/revisions"}],"predecessor-version":[{"id":354,"href":"https:\/\/ruwaytoys.com\/index.php?rest_route=\/wp\/v2\/product\/351\/revisions\/354"}],"wp:featuredmedia":[{"embeddable":true,"href":"https:\/\/ruwaytoys.com\/index.php?rest_route=\/wp\/v2\/media\/352"}],"wp:attachment":[{"href":"https:\/\/ruwaytoys.com\/index.php?rest_route=%2Fwp%2Fv2%2Fmedia&parent=351"}],"wp:term":[{"taxonomy":"product_brand","embeddable":true,"href":"https:\/\/ruwaytoys.com\/index.php?rest_route=%2Fwp%2Fv2%2Fproduct_brand&post=351"},{"taxonomy":"product_cat","embeddable":true,"href":"https:\/\/ruwaytoys.com\/index.php?rest_route=%2Fwp%2Fv2%2Fproduct_cat&post=351"},{"taxonomy":"product_tag","embeddable":true,"href":"https:\/\/ruwaytoys.com\/index.php?rest_route=%2Fwp%2Fv2%2Fproduct_tag&post=351"}],"curies":[{"name":"wp","href":"https:\/\/api.w.org\/{rel}","templated":true}]}}